{"id":75,"date":"2021-07-16T10:00:48","date_gmt":"2021-07-16T02:00:48","guid":{"rendered":"https:\/\/www.braforwomen.com\/?post_type=product&#038;p=75"},"modified":"2025-06-20T05:24:04","modified_gmt":"2025-06-20T05:24:04","slug":"rabbit-push-up-nipple-cover","status":"publish","type":"product","link":"https:\/\/braforwomen.com\/de\/geschaft\/damen-bhs\/brustwarzenabdeckungen\/hasen-push-up-nippelabdeckung\/","title":{"rendered":"Rabbit Push-Up Brustwarzenabdeckung"},"content":{"rendered":"<p>SPEZIFIKATIONEN<br \/>\n1. Material: Polyester + Silikon<\/p>\n<p>2. Farbe: Schwarz, Beige<\/p>\n<p>3. Gr\u00f6\u00dfe: 9,5 cm \/ 3,74 Zoll (passend f\u00fcr Cup A), 11 cm \/ 4,33 Zoll (passend f\u00fcr Cup B\/C), 13 cm \/ 5,1 Zoll (passend f\u00fcr Cup C\/D), 15 cm \/ 5,8 Zoll (passend f\u00fcr Cup D\/DD)<\/p>\n<p>4. BH-Stil: Unsichtbarer BH, nahtloser tr\u00e4gerloser Push-up-BH<\/p>\n<p>MERKMALE<br \/>\n1. Einfache Anwendung: Brust nach oben dr\u00fccken und aufkleben.<\/p>\n<p>2. Tr\u00e4gerloser, wiederverwendbarer BH, der eine tiefe V-Form der Brust erzeugt.<\/p>\n<p>3. Hergestellt aus selbstklebendem medizinischem Silikon, hautfreundlich, hinterl\u00e4sst nach dem Entfernen keine Spuren auf der Haut.<\/p>\n<p>4. Sorgt f\u00fcr einen sichtbaren Push-up-Effekt und hebt die Brust an, wodurch Ihre Brust ein sch\u00f6neres, strafferes Aussehen erh\u00e4lt.<\/p>\n<p>5. Geeignet zum Tragen unter sexy Strumpfhosen, Neckholder-Tops, Westen, durchsichtigen Outfits, Abendkleidern, Partykleidern und Brautkleidern usw.<\/p>\n<p>Bitte beachten Sie:<\/p>\n<p>*Bitte vergleichen Sie die Details vor dem Kauf.<\/p>\n<p>*Aufgrund der Lichtverh\u00e4ltnisse und der Bildschirmeinstellungen kann die tats\u00e4chliche Farbe geringf\u00fcgig von den Abbildungen abweichen.<\/p>\n<p>*Bitte beachten Sie, dass es aufgrund unterschiedlicher manueller Messungen zu geringf\u00fcgigen Gr\u00f6\u00dfenabweichungen kommen kann.<\/p>","protected":false},"excerpt":{"rendered":"<ul>\n<li>Klebstoff<\/li>\n<li>Liegest\u00fctze<\/li>\n<li>Starke Haftung<\/li>\n<li>UMWELTFREUNDLICHES Silikon<\/li>\n<li>Dekorativ<\/li>\n<li>Wiederverwendbar und langlebig<\/li>\n<\/ul>","protected":false},"featured_media":79,"comment_status":"open","ping_status":"closed","template":"","meta":{"_acf_changed":false,"site-sidebar-layout":"no-sidebar","site-content-layout":"default","ast-site-content-layout":"default","site-content-style":"default","site-sidebar-style":"default","ast-global-header-display":"","ast-banner-title-visibility":"","ast-main-header-display":"","ast-hfb-above-header-display":"","ast-hfb-below-header-display":"","ast-hfb-mobile-header-display":"","site-post-title":"","ast-breadcrumbs-content":"","ast-featured-img":"","footer-sml-layout":"","ast-disable-related-posts":"","theme-transparent-header-meta":"default","adv-header-id-meta":"","stick-header-meta":"default","header-above-stick-meta":"","header-main-stick-meta":"","header-below-stick-meta":"","astra-migrate-meta-layouts":"set","ast-page-background-enabled":"default","ast-page-background-meta":{"desktop":{"background-color":"var(--ast-global-color-4)","background-image":"","background-repeat":"repeat","background-position":"center center","background-size":"auto","background-attachment":"scroll","background-type":"","background-media":"","overlay-type":"","overlay-color":"","overlay-opacity":"","overlay-gradient":""},"tablet":{"background-color":"","background-image":"","background-repeat":"repeat","background-position":"center center","background-size":"auto","background-attachment":"scroll","background-type":"","background-media":"","overlay-type":"","overlay-color":"","overlay-opacity":"","overlay-gradient":""},"mobile":{"background-color":"","background-image":"","background-repeat":"repeat","background-position":"center center","background-size":"auto","background-attachment":"scroll","background-type":"","background-media":"","overlay-type":"","overlay-color":"","overlay-opacity":"","overlay-gradient":""}},"ast-content-background-meta":{"desktop":{"background-color":"var(--ast-global-color-5)","background-image":"","background-repeat":"repeat","background-position":"center center","background-size":"auto","background-attachment":"scroll","background-type":"","background-media":"","overlay-type":"","overlay-color":"","overlay-opacity":"","overlay-gradient":""},"tablet":{"background-color":"var(--ast-global-color-5)","background-image":"","background-repeat":"repeat","background-position":"center center","background-size":"auto","background-attachment":"scroll","background-type":"","background-media":"","overlay-type":"","overlay-color":"","overlay-opacity":"","overlay-gradient":""},"mobile":{"background-color":"var(--ast-global-color-5)","background-image":"","background-repeat":"repeat","background-position":"center center","background-size":"auto","background-attachment":"scroll","background-type":"","background-media":"","overlay-type":"","overlay-color":"","overlay-opacity":"","overlay-gradient":""}}},"product_brand":[],"product_cat":[19,18],"product_tag":[],"class_list":{"0":"post-75","1":"product","2":"type-product","3":"status-publish","4":"has-post-thumbnail","6":"product_cat-nipple-covers","7":"product_cat-women-bras","8":"pa_colors-black","9":"pa_colors-nude","10":"pa_size-l","11":"pa_size-m","12":"pa_size-s","13":"pa_size-xl","14":"desktop-align-left","15":"tablet-align-left","16":"mobile-align-left","18":"first","19":"instock","20":"shipping-taxable","21":"purchasable","22":"product-type-variable","23":"has-default-attributes","24":"wvs-archive-product-wrapper"},"acf":{"how_to_use":"<h2>Wearing Steps :<\/h2>\r\n<ul>\r\n \t<li>Step-1: Wipe the breasts with warm towel. Wipe all oil, dirt even sweat on body.<\/li>\r\n \t<li>Step-2: Put the nippleless covers onto the nipple softly, making the outer edge of which be stuck to the skin.<\/li>\r\n \t<li>Step-3: With the upper body leaning forward, attach the chest to the chest and flatten the edges.<\/li>\r\n \t<li>Step-4: Wear clothing and complete.<\/li>\r\n<\/ul>","Parametric":""},"_links":{"self":[{"href":"https:\/\/braforwomen.com\/de\/wp-json\/wp\/v2\/product\/75","targetHints":{"allow":["GET"]}}],"collection":[{"href":"https:\/\/braforwomen.com\/de\/wp-json\/wp\/v2\/product"}],"about":[{"href":"https:\/\/braforwomen.com\/de\/wp-json\/wp\/v2\/types\/product"}],"replies":[{"embeddable":true,"href":"https:\/\/braforwomen.com\/de\/wp-json\/wp\/v2\/comments?post=75"}],"version-history":[{"count":4,"href":"https:\/\/braforwomen.com\/de\/wp-json\/wp\/v2\/product\/75\/revisions"}],"predecessor-version":[{"id":1679,"href":"https:\/\/braforwomen.com\/de\/wp-json\/wp\/v2\/product\/75\/revisions\/1679"}],"wp:featuredmedia":[{"embeddable":true,"href":"https:\/\/braforwomen.com\/de\/wp-json\/wp\/v2\/media\/79"}],"wp:attachment":[{"href":"https:\/\/braforwomen.com\/de\/wp-json\/wp\/v2\/media?parent=75"}],"wp:term":[{"taxonomy":"product_brand","embeddable":true,"href":"https:\/\/braforwomen.com\/de\/wp-json\/wp\/v2\/product_brand?post=75"},{"taxonomy":"product_cat","embeddable":true,"href":"https:\/\/braforwomen.com\/de\/wp-json\/wp\/v2\/product_cat?post=75"},{"taxonomy":"product_tag","embeddable":true,"href":"https:\/\/braforwomen.com\/de\/wp-json\/wp\/v2\/product_tag?post=75"}],"curies":[{"name":"wp","href":"https:\/\/api.w.org\/{rel}","templated":true}]}}