{"id":419,"date":"2021-08-09T17:06:21","date_gmt":"2021-08-09T09:06:21","guid":{"rendered":"https:\/\/www.braforwomen.com\/?post_type=product&#038;p=419"},"modified":"2024-07-14T10:38:18","modified_gmt":"2024-07-14T10:38:18","slug":"soft-solid-silicone-bra","status":"publish","type":"product","link":"https:\/\/braforwomen.com\/de\/geschaft\/damen-bhs\/klebe-silikon-bhs\/weicher-fester-silikon-bh\/","title":{"rendered":"Weicher, fester Silikon-BH"},"content":{"rendered":"<ul class=\"wp-block-list\">\r\n<li><strong>BESTE QUALIT\u00c4T, SICHERER HALT &amp; ANGENEHM ZU TRAGEN:<\/strong> Dieser selbstklebende BH aus weichem, nat\u00fcrlichem Silikon (100%) in medizinischer Qualit\u00e4t mit selbstklebenden Innenschalen ist hypoallergen und angenehm zu tragen. Er haftet fest auf der Haut und verrutscht nicht. Tragen Sie selbstbewusst jedes sexy und gewagte Kleid mit freiem R\u00fccken, tr\u00e4gerlosem Oberteil, Neckholder oder tiefem R\u00fcckenausschnitt!<\/li>\r\n<li><strong>UNSICHTBAR WIE EINE ZWEITE HAUT &amp; SPURENLOS<\/strong>Der BH wird sofort zu einem Teil von Ihnen und bietet Ihnen absolute Bewegungsfreiheit wie eine zweite Haut. Sie werden ihn kaum sp\u00fcren und er ist unter transparenter Kleidung unsichtbar. Nach dem Entfernen hinterl\u00e4sst der Klebe-BH keine Spuren auf Ihrer Haut.<\/li>\r\n<li><strong>VORDERER VERSCHLUSS F\u00dcR EIN VERST\u00c4RKTES DEKOLLET\u00c9 UND MEHR POLSTERUNG<\/strong>Dr\u00fcckt Ihre Br\u00fcste zusammen und verbessert Ihr Dekollet\u00e9. Bei korrekter Anwendung vergr\u00f6\u00dfert er Ihre Brust um eine K\u00f6rbchengr\u00f6\u00dfe. W\u00fcnschen Sie sich einen Push-up-Effekt? Bitte befolgen Sie unsere Anleitung (siehe Bilder) sorgf\u00e4ltig, um den selbstklebenden BH richtig anzulegen.<\/li>\r\n<li><strong>V\u00d6LLIG R\u00dcCKENFREI &amp; TR\u00c4GERLOS<\/strong>Vervollst\u00e4ndigt jeden sexy Kleiderstil. Perfekt f\u00fcr Hochzeiten, Abschlussb\u00e4lle, Dinnerpartys, Urlaub oder andere formelle oder informelle Anl\u00e4sse, bei denen Sie einen glamour\u00f6sen Auftritt hinlegen m\u00f6chten.<\/li>\r\n<\/ul>\r\n\r\n\r\n\r\n<p><strong>EINFACH ZU BEDIENEN &amp; ZU REINIGEN \u2013 WASCHBAR &amp; WIEDERVERWENDBAR \u2013 GRATIS W\u00c4SCHEBEUTEL<\/strong>Einfach mit Wasser und Seife reinigen und an der Luft trocknen lassen. Nicht f\u00fcr hohe Temperaturen geeignet, da Schwei\u00df zum Verrutschen f\u00fchren kann. Erh\u00e4ltlich in den Gr\u00f6\u00dfen A bis DD mit normaler und doppelter Dicke. Bei Cup-Gr\u00f6\u00dfen \u00fcber DD ist dieser transparente BH m\u00f6glicherweise nicht die richtige Wahl. Ein kostenloser W\u00e4schesack ist im Lieferumfang enthalten. Fitglam verspricht beste Qualit\u00e4t bei Unterw\u00e4sche und BHs sowie besten Kundenservice.<br \/><strong>F\u00fchlen Sie sich frei, jedes sexy und freiz\u00fcgige r\u00fcckenfreie, tr\u00e4gerlose, Neckholder- oder r\u00fcckenfreie Kleid oder Oberteil mit Selbstbewusstsein zu tragen!<\/strong><br \/><strong>Perfekt f\u00fcr Hochzeiten, Abschlussb\u00e4lle, Abendessen, Partys, Urlaube oder jeden anderen formellen oder informellen Anlass, bei dem Sie einen glamour\u00f6sen Auftritt hinlegen m\u00f6chten.<\/strong><br \/><br \/><strong>Wichtiger Hinweis:<\/strong><\/p>\r\n\r\n\r\n\r\n<ul class=\"wp-block-list\">\r\n<li><span style=\"vertical-align: inherit;\"><span style=\"vertical-align: inherit;\">\u5982\u679c\u60a8\u5728\u4e24\u4e2a\u5c3a\u7801\u4e4b\u95f4,\u8bf7\u9009\u62e9\u66f4\u5927\u7684\u5c3a\u7801<\/span><\/span><\/li>\r\n<li><span style=\"vertical-align: inherit;\"><span style=\"vertical-align: inherit;\">\u8bf7\u52ff\u5728\u4f7f\u7528\u524d\u4f7f\u7528\u4fdd\u6e7f\u971c\u3001\u9999\u6c34\u3001\u7c89\u997c\u6216\u5176\u4ed6\u62a4\u80a4\u54c1,\u56e0\u4e3a\u8fd9\u4f1a\u964d\u4f4e\u7c98\u5408\u5242\u7684\u6548\u679c<\/span><\/span><\/li>\r\n<li><span style=\"vertical-align: inherit;\"><span style=\"vertical-align: inherit;\">\u4e0d\u5efa\u8bae\u5728\u9ad8\u6e29\u4e0b\u4f7f\u7528,\u56e0\u4e3a\u6c57\u6c34\u53ef\u80fd\u4f1a\u5bfc\u81f4\u6ed1\u5012<\/span><\/span><\/li>\r\n<\/ul>","protected":false},"excerpt":{"rendered":"<div class=\"elementor-element elementor-element-1bccc55 elementor-widget elementor-widget-text-editor\" data-id=\"1bccc55\" data-element_type=\"widget\" data-widget_type=\"text-editor.default\">\n<div class=\"elementor-widget-container\">\n<div class=\"elementor-text-editor elementor-clearfix\">\n<ul>\n<li>Bionische Technologie,<\/li>\n<li>entspricht dem tats\u00e4chlichen Gewicht, 0,5 mm Mikroschneidkante,<\/li>\n<li>Unsichtbar wie eine zweite Hautschicht. Medizinische Silikonqualit\u00e4t.<\/li>\n<li>latexfreies, reines, viskoses Gel 100%, bleibt fest,<\/li>\n<li>Hautvertr\u00e4glich und r\u00fcckstandsfrei. 100%-sicher, antiallergisch und komfortabel. Waschbar und wiederverwendbar.<\/li>\n<\/ul>\n<\/div>\n<\/div>\n<\/div>","protected":false},"featured_media":427,"comment_status":"open","ping_status":"closed","template":"","meta":{"_acf_changed":false,"site-sidebar-layout":"no-sidebar","site-content-layout":"page-builder","ast-site-content-layout":"default","site-content-style":"default","site-sidebar-style":"default","ast-global-header-display":"","ast-banner-title-visibility":"","ast-main-header-display":"","ast-hfb-above-header-display":"","ast-hfb-below-header-display":"","ast-hfb-mobile-header-display":"","site-post-title":"","ast-breadcrumbs-content":"","ast-featured-img":"","footer-sml-layout":"","ast-disable-related-posts":"","theme-transparent-header-meta":"default","adv-header-id-meta":"","stick-header-meta":"default","header-above-stick-meta":"","header-main-stick-meta":"","header-below-stick-meta":"","astra-migrate-meta-layouts":"set","ast-page-background-enabled":"default","ast-page-background-meta":{"desktop":{"background-color":"var(--ast-global-color-4)","background-image":"","background-repeat":"repeat","background-position":"center center","background-size":"auto","background-attachment":"scroll","background-type":"","background-media":"","overlay-type":"","overlay-color":"","overlay-opacity":"","overlay-gradient":""},"tablet":{"background-color":"","background-image":"","background-repeat":"repeat","background-position":"center center","background-size":"auto","background-attachment":"scroll","background-type":"","background-media":"","overlay-type":"","overlay-color":"","overlay-opacity":"","overlay-gradient":""},"mobile":{"background-color":"","background-image":"","background-repeat":"repeat","background-position":"center center","background-size":"auto","background-attachment":"scroll","background-type":"","background-media":"","overlay-type":"","overlay-color":"","overlay-opacity":"","overlay-gradient":""}},"ast-content-background-meta":{"desktop":{"background-color":"var(--ast-global-color-5)","background-image":"","background-repeat":"repeat","background-position":"center center","background-size":"auto","background-attachment":"scroll","background-type":"","background-media":"","overlay-type":"","overlay-color":"","overlay-opacity":"","overlay-gradient":""},"tablet":{"background-color":"var(--ast-global-color-5)","background-image":"","background-repeat":"repeat","background-position":"center center","background-size":"auto","background-attachment":"scroll","background-type":"","background-media":"","overlay-type":"","overlay-color":"","overlay-opacity":"","overlay-gradient":""},"mobile":{"background-color":"var(--ast-global-color-5)","background-image":"","background-repeat":"repeat","background-position":"center center","background-size":"auto","background-attachment":"scroll","background-type":"","background-media":"","overlay-type":"","overlay-color":"","overlay-opacity":"","overlay-gradient":""}}},"product_brand":[],"product_cat":[20,18],"product_tag":[],"class_list":{"0":"post-419","1":"product","2":"type-product","3":"status-publish","4":"has-post-thumbnail","6":"product_cat-adhesive-silicone-bras","7":"product_cat-women-bras","8":"pa_colors-brown","9":"pa_colors-nude","10":"pa_size-a","11":"pa_size-b","12":"pa_size-c","13":"pa_size-d","14":"pa_size-e","15":"desktop-align-left","16":"tablet-align-left","17":"mobile-align-left","19":"first","20":"instock","21":"sale","22":"taxable","23":"shipping-taxable","24":"purchasable","25":"product-type-variable","26":"wvs-archive-product-wrapper"},"acf":{"how_to_use":"","Parametric":""},"_links":{"self":[{"href":"https:\/\/braforwomen.com\/de\/wp-json\/wp\/v2\/product\/419","targetHints":{"allow":["GET"]}}],"collection":[{"href":"https:\/\/braforwomen.com\/de\/wp-json\/wp\/v2\/product"}],"about":[{"href":"https:\/\/braforwomen.com\/de\/wp-json\/wp\/v2\/types\/product"}],"replies":[{"embeddable":true,"href":"https:\/\/braforwomen.com\/de\/wp-json\/wp\/v2\/comments?post=419"}],"version-history":[{"count":2,"href":"https:\/\/braforwomen.com\/de\/wp-json\/wp\/v2\/product\/419\/revisions"}],"predecessor-version":[{"id":1664,"href":"https:\/\/braforwomen.com\/de\/wp-json\/wp\/v2\/product\/419\/revisions\/1664"}],"wp:featuredmedia":[{"embeddable":true,"href":"https:\/\/braforwomen.com\/de\/wp-json\/wp\/v2\/media\/427"}],"wp:attachment":[{"href":"https:\/\/braforwomen.com\/de\/wp-json\/wp\/v2\/media?parent=419"}],"wp:term":[{"taxonomy":"product_brand","embeddable":true,"href":"https:\/\/braforwomen.com\/de\/wp-json\/wp\/v2\/product_brand?post=419"},{"taxonomy":"product_cat","embeddable":true,"href":"https:\/\/braforwomen.com\/de\/wp-json\/wp\/v2\/product_cat?post=419"},{"taxonomy":"product_tag","embeddable":true,"href":"https:\/\/braforwomen.com\/de\/wp-json\/wp\/v2\/product_tag?post=419"}],"curies":[{"name":"wp","href":"https:\/\/api.w.org\/{rel}","templated":true}]}}