{"id":1683,"date":"2024-08-10T11:06:21","date_gmt":"2024-08-10T11:06:21","guid":{"rendered":"https:\/\/braforwomen.com\/?post_type=product&#038;p=1683"},"modified":"2025-01-14T05:48:08","modified_gmt":"2025-01-14T05:48:08","slug":"beauty-in-laser-nipple-covers-sexy-nipple-covers-disposable-nipple-pasties","status":"publish","type":"product","link":"https:\/\/braforwomen.com\/de\/geschaft\/damen-bhs\/brustwarzenabdeckungen\/sexy-nippelabdeckung\/schonheit-in-laser-nippel-abdeckungen-sexy-nippel-abdeckungen-einweg-nippel-pasties\/","title":{"rendered":"Sch\u00f6nheit durch Laser-Nippel-Abdeckungen, sexy Nippel-Abdeckungen, Einweg-Nippel-Pasties"},"content":{"rendered":"<p><strong>2 Paar\/St\u00fccke<\/strong><\/p>\n<p>\u00c4u\u00dfere Schutzschicht<br \/>\nGesunde Klebeschicht<br \/>\nKlebstofffreie Schutzschicht<\/p>\n<p>Mehrere Farben erh\u00e4ltlich, um Ihren Bed\u00fcrfnissen gerecht zu werden<\/p>\n<p><strong>Sicherheitsklebstoff<\/strong><br \/>\nSicher und reizfrei, starke Haftung, f\u00e4llt nicht ab.<br \/>\n<strong>Schwei\u00dffest<\/strong><br \/>\nAtmungsaktiv und nicht stickig, sodass die Brustwarzen frei atmen k\u00f6nnen.<br \/>\n<strong>Unsichtbar<\/strong><br \/>\nUltrad\u00fcnnes Design, schmiegt sich an die Brustkurve an, ist unsichtbar und hinterl\u00e4sst keine Abdr\u00fccke.<\/p>","protected":false},"excerpt":{"rendered":"<ul>\n<li><strong>2 Paar\/St\u00fccke<\/strong> Sexy Nippel-Abdeckungen: Blaue Einweg-Nippel-Abdeckungen. Sie sind in verschiedenen Formen wie Sternen, Blumen, Kreuzen und Herzen erh\u00e4ltlich und aus unterschiedlichen Materialien wie Satin, Spitze und Glitzer gefertigt. Jede Abdeckung ist einzeln verpackt. Die ausreichende Menge reicht nicht nur f\u00fcr den t\u00e4glichen Bedarf, sondern erm\u00f6glicht es Ihnen auch, sie mit Ihren Freundinnen zu teilen.<\/li>\n<li>Atmungsaktiv und mit starkem Kleber: Unsere Brustwarzenabdeckungen sind aus atmungsaktiven Materialien gefertigt und haften dank ihres starken Klebers besonders lange. Ob auf dem Karneval, einem Musikfestival oder im Club \u2013 mit den Abdeckungen genie\u00dfen Sie stundenlangen Spa\u00df und bleiben sicher an Ort und Stelle.<\/li>\n<li>Schwei\u00dfabweisendes Design: Diese \u00dcberz\u00fcge sind speziell daf\u00fcr entwickelt, Schwei\u00df standzuhalten und so auch bei intensiven Aktivit\u00e4ten oder hei\u00dfem Wetter sicher an Ort und Stelle zu bleiben. Die niedlichen Nippel-\u00dcberz\u00fcge eignen sich hervorragend f\u00fcr Partys und Treffen. Sie sind au\u00dferdem ideal, um Reibung beim Joggen zu vermeiden und bieten Schutz beim Sonnenbaden.<\/li>\n<li>Praktisch und hygienisch: Dank der selbstklebenden R\u00fcckseite lassen sich diese Bez\u00fcge einfach anbringen. Einfach die Schutzfolie abziehen und direkt aufkleben. Sie sind f\u00fcr den einmaligen Gebrauch bestimmt und gew\u00e4hrleisten so Sauberkeit und Hygiene.<\/li>\n<li>Vielseitige Gr\u00f6\u00dfe und Anwendung: Diese Brustwarzenabdeckungen sind f\u00fcr Cup-Gr\u00f6\u00dfen von A bis D geeignet und perfekt f\u00fcr Partys, Feiern, Musikfestivals, Valentinstag und den Alltag. Sie bieten diskreten Schutz und st\u00e4rken Ihr Selbstbewusstsein in jeder Situation.<\/li>\n<\/ul>","protected":false},"featured_media":1684,"comment_status":"open","ping_status":"closed","template":"","meta":{"_acf_changed":false,"site-sidebar-layout":"default","site-content-layout":"","ast-site-content-layout":"default","site-content-style":"default","site-sidebar-style":"default","ast-global-header-display":"","ast-banner-title-visibility":"","ast-main-header-display":"","ast-hfb-above-header-display":"","ast-hfb-below-header-display":"","ast-hfb-mobile-header-display":"","site-post-title":"","ast-breadcrumbs-content":"","ast-featured-img":"","footer-sml-layout":"","ast-disable-related-posts":"","theme-transparent-header-meta":"default","adv-header-id-meta":"","stick-header-meta":"default","header-above-stick-meta":"","header-main-stick-meta":"","header-below-stick-meta":"","astra-migrate-meta-layouts":"set","ast-page-background-enabled":"default","ast-page-background-meta":{"desktop":{"background-color":"var(--ast-global-color-4)","background-image":"","background-repeat":"repeat","background-position":"center center","background-size":"auto","background-attachment":"scroll","background-type":"","background-media":"","overlay-type":"","overlay-color":"","overlay-opacity":"","overlay-gradient":""},"tablet":{"background-color":"","background-image":"","background-repeat":"repeat","background-position":"center center","background-size":"auto","background-attachment":"scroll","background-type":"","background-media":"","overlay-type":"","overlay-color":"","overlay-opacity":"","overlay-gradient":""},"mobile":{"background-color":"","background-image":"","background-repeat":"repeat","background-position":"center center","background-size":"auto","background-attachment":"scroll","background-type":"","background-media":"","overlay-type":"","overlay-color":"","overlay-opacity":"","overlay-gradient":""}},"ast-content-background-meta":{"desktop":{"background-color":"var(--ast-global-color-5)","background-image":"","background-repeat":"repeat","background-position":"center center","background-size":"auto","background-attachment":"scroll","background-type":"","background-media":"","overlay-type":"","overlay-color":"","overlay-opacity":"","overlay-gradient":""},"tablet":{"background-color":"var(--ast-global-color-5)","background-image":"","background-repeat":"repeat","background-position":"center center","background-size":"auto","background-attachment":"scroll","background-type":"","background-media":"","overlay-type":"","overlay-color":"","overlay-opacity":"","overlay-gradient":""},"mobile":{"background-color":"var(--ast-global-color-5)","background-image":"","background-repeat":"repeat","background-position":"center center","background-size":"auto","background-attachment":"scroll","background-type":"","background-media":"","overlay-type":"","overlay-color":"","overlay-opacity":"","overlay-gradient":""}}},"product_brand":[],"product_cat":[66,19,18],"product_tag":[],"class_list":{"0":"post-1683","1":"product","2":"type-product","3":"status-publish","4":"has-post-thumbnail","6":"product_cat-sexy-nipple-cover","7":"product_cat-nipple-covers","8":"product_cat-women-bras","9":"desktop-align-left","10":"tablet-align-left","11":"mobile-align-left","13":"first","14":"instock","15":"taxable","16":"shipping-taxable","17":"purchasable","18":"product-type-variable","19":"wvs-archive-product-wrapper"},"acf":{"how_to_use":"<h3>How do I wear a Nipple Covers?<\/h3>\r\n<ul>\r\n \t<li>Prepare: Wash and dry your skin thoroughly.<\/li>\r\n \t<li>Apply: Peel off the backing, center over the breast, and press gently.<\/li>\r\n \t<li>Remove: Gently peel off\uff0ctake a hot shower or bath. Use rubbing alcohol or baby oil for any leftover adhesive.<\/li>\r\n \t<li>Avoid: Do not apply to broken, damaged, or sunburned skin.<\/li>\r\n \t<li>Care: Avoid moisturizers, perfumes, powders, or other skin products before application.<\/li>\r\n \t<li>Cautions: Do not use them for more than 6 hours.<\/li>\r\n<\/ul>","Parametric":"<table border=\"0\" cellspacing=\"0\" cellpadding=\"0\">\r\n<tbody>\r\n<tr>\r\n<td>Colors<\/td>\r\n<td>Not Have<\/td>\r\n<\/tr>\r\n<tr>\r\n<td>Shapes<\/td>\r\n<td>Cordate, Cross shape, Floral pattern, Hard outer skin, Orbicular, Pentagram, Starfish<\/td>\r\n<\/tr>\r\n<tr>\r\n<td>Sizes<\/td>\r\n<td>Average Size<\/td>\r\n<\/tr>\r\n<\/tbody>\r\n<\/table>"},"_links":{"self":[{"href":"https:\/\/braforwomen.com\/de\/wp-json\/wp\/v2\/product\/1683","targetHints":{"allow":["GET"]}}],"collection":[{"href":"https:\/\/braforwomen.com\/de\/wp-json\/wp\/v2\/product"}],"about":[{"href":"https:\/\/braforwomen.com\/de\/wp-json\/wp\/v2\/types\/product"}],"replies":[{"embeddable":true,"href":"https:\/\/braforwomen.com\/de\/wp-json\/wp\/v2\/comments?post=1683"}],"version-history":[{"count":12,"href":"https:\/\/braforwomen.com\/de\/wp-json\/wp\/v2\/product\/1683\/revisions"}],"predecessor-version":[{"id":1716,"href":"https:\/\/braforwomen.com\/de\/wp-json\/wp\/v2\/product\/1683\/revisions\/1716"}],"wp:featuredmedia":[{"embeddable":true,"href":"https:\/\/braforwomen.com\/de\/wp-json\/wp\/v2\/media\/1684"}],"wp:attachment":[{"href":"https:\/\/braforwomen.com\/de\/wp-json\/wp\/v2\/media?parent=1683"}],"wp:term":[{"taxonomy":"product_brand","embeddable":true,"href":"https:\/\/braforwomen.com\/de\/wp-json\/wp\/v2\/product_brand?post=1683"},{"taxonomy":"product_cat","embeddable":true,"href":"https:\/\/braforwomen.com\/de\/wp-json\/wp\/v2\/product_cat?post=1683"},{"taxonomy":"product_tag","embeddable":true,"href":"https:\/\/braforwomen.com\/de\/wp-json\/wp\/v2\/product_tag?post=1683"}],"curies":[{"name":"wp","href":"https:\/\/api.w.org\/{rel}","templated":true}]}}