{"id":1306,"date":"2023-05-13T07:22:18","date_gmt":"2023-05-13T07:22:18","guid":{"rendered":"https:\/\/braforwomen.com\/?post_type=product&#038;p=1306"},"modified":"2025-06-20T05:17:17","modified_gmt":"2025-06-20T05:17:17","slug":"sticky-wing-silicone-bra","status":"publish","type":"product","link":"https:\/\/braforwomen.com\/de\/geschaft\/damen-bhs\/klebe-silikon-bhs\/silikon-bh-mit-selbstklebenden-flugeln\/","title":{"rendered":"Silikon-BHs f\u00fcr Frauen mit klebenden Fl\u00fcgeln Unsichtbarer r\u00fcckenfreier tr\u00e4gerloser BH f\u00fcr gro\u00dfe Br\u00fcste"},"content":{"rendered":"<h2>Tr\u00e4gerlose, unsichtbare Silikon-BHs zum Aufkleben, r\u00fcckenfrei<\/h2>\n<ul>\n<li><strong>BESTE QUALIT\u00c4T, SICHERER HALT &amp; ANGENEHM ZU TRAGEN:<\/strong> Dieser selbstklebende BH aus weichem, nat\u00fcrlichem Silikon (100%) in medizinischer Qualit\u00e4t mit selbstklebenden Innenschalen ist hypoallergen und angenehm zu tragen. Er haftet fest auf der Haut und verrutscht nicht. Tragen Sie selbstbewusst jedes sexy und gewagte Kleid mit freiem R\u00fccken, tr\u00e4gerlosem Oberteil, Neckholder oder tiefem R\u00fcckenausschnitt!<\/li>\n<li><strong>UNSICHTBAR WIE EINE ZWEITE HAUT &amp; SPURENLOS<\/strong>Der BH wird sofort zu einem Teil von Ihnen und bietet Ihnen absolute Bewegungsfreiheit wie eine zweite Haut. Sie werden ihn kaum sp\u00fcren und er ist unter transparenter Kleidung unsichtbar. Nach dem Entfernen hinterl\u00e4sst der Klebe-BH keine Spuren auf Ihrer Haut.<\/li>\n<li><strong>VORDERER VERSCHLUSS F\u00dcR EIN VERST\u00c4RKTES DEKOLLET\u00c9 UND MEHR POLSTERUNG<\/strong>Dr\u00fcckt Ihre Br\u00fcste zusammen und verbessert Ihr Dekollet\u00e9. Bei korrekter Anwendung vergr\u00f6\u00dfert er Ihre Brust um eine K\u00f6rbchengr\u00f6\u00dfe. W\u00fcnschen Sie sich einen Push-up-Effekt? Bitte befolgen Sie unsere Anleitung (siehe Bilder) sorgf\u00e4ltig, um den selbstklebenden BH richtig anzulegen.<\/li>\n<li><strong>V\u00d6LLIG R\u00dcCKENFREI &amp; TR\u00c4GERLOS<\/strong>Vervollst\u00e4ndigt jeden sexy Kleiderstil. Perfekt f\u00fcr Hochzeiten, Abschlussb\u00e4lle, Dinnerpartys, Urlaub oder andere formelle oder informelle Anl\u00e4sse, bei denen Sie einen glamour\u00f6sen Auftritt hinlegen m\u00f6chten.<\/li>\n<\/ul>\n<p><strong>EINFACH ZU BEDIENEN &amp; ZU REINIGEN \u2013 WASCHBAR &amp; WIEDERVERWENDBAR \u2013 GRATIS W\u00c4SCHEBEUTEL<\/strong>Einfach mit Wasser und Seife reinigen und an der Luft trocknen lassen. Nicht f\u00fcr hohe Temperaturen geeignet, da Schwei\u00df zum Verrutschen f\u00fchren kann. Erh\u00e4ltlich in den Gr\u00f6\u00dfen A bis DD mit normaler und doppelter Dicke. Bei Cup-Gr\u00f6\u00dfen \u00fcber DD ist dieser transparente BH m\u00f6glicherweise nicht die richtige Wahl. Ein kostenloser W\u00e4schesack ist im Lieferumfang enthalten. Fitglam verspricht beste Qualit\u00e4t bei Unterw\u00e4sche und BHs sowie besten Kundenservice.<br \/>\n<strong>F\u00fchlen Sie sich frei, jedes sexy und freiz\u00fcgige r\u00fcckenfreie, tr\u00e4gerlose, Neckholder- oder r\u00fcckenfreie Kleid oder Oberteil mit Selbstbewusstsein zu tragen!<\/strong><br \/>\n<strong>Perfekt f\u00fcr Hochzeiten, Abschlussb\u00e4lle, Abendessen, Partys, Urlaube oder jeden anderen formellen oder informellen Anlass, bei dem Sie einen glamour\u00f6sen Auftritt hinlegen m\u00f6chten.<\/strong><br \/>\n<img fetchpriority=\"high\" decoding=\"async\" class=\"alignnone wp-image-1268 size-full\" src=\"https:\/\/braforwomen.com\/wp-content\/uploads\/2023\/04\/1681742065-202304172213.webp\" alt=\"\" width=\"1501\" height=\"488\" title=\"\" srcset=\"https:\/\/braforwomen.com\/wp-content\/uploads\/2023\/04\/1681742065-202304172213.webp 1501w, https:\/\/braforwomen.com\/wp-content\/uploads\/2023\/04\/1681742065-202304172213-1340x436.webp 1340w, https:\/\/braforwomen.com\/wp-content\/uploads\/2023\/04\/1681742065-202304172213-768x250.webp 768w, https:\/\/braforwomen.com\/wp-content\/uploads\/2023\/04\/1681742065-202304172213-1000x325.webp 1000w, https:\/\/braforwomen.com\/wp-content\/uploads\/2023\/04\/1681742065-202304172213-300x98.webp 300w, https:\/\/braforwomen.com\/wp-content\/uploads\/2023\/04\/1681742065-202304172213-600x195.webp 600w\" sizes=\"(max-width: 1501px) 100vw, 1501px\" \/><\/p>\n<h2>Wichtiger Hinweis:<\/h2>\n<ul>\n<li>Wenn Sie zwischen zwei Gr\u00f6\u00dfen liegen, w\u00e4hlen Sie bitte die gr\u00f6\u00dfere Gr\u00f6\u00dfe.<\/li>\n<li>Verwenden Sie vor der Anwendung KEINE Feuchtigkeitscremes, Parfums, Puder oder andere Hautpflegeprodukte, da dies die Wirkung des Klebstoffs beeintr\u00e4chtigt.<\/li>\n<li>Nicht f\u00fcr hohe Temperaturen geeignet, da Schwei\u00df zum Verrutschen f\u00fchren kann.<\/li>\n<\/ul>","protected":false},"excerpt":{"rendered":"<div class=\"elementor-element elementor-element-1bccc55 elementor-widget elementor-widget-text-editor\" data-id=\"1bccc55\" data-element_type=\"widget\" data-widget_type=\"text-editor.default\">\n<div class=\"elementor-widget-container\">\n<div class=\"elementor-text-editor elementor-clearfix\">\n<ul>\n<li><span class=\"a-list-item\">100% Silikon<\/span><\/li>\n<li><span class=\"a-list-item\">Verschluss mit Schnalle<\/span><\/li>\n<li><span class=\"a-list-item\">Handw\u00e4sche nur<\/span><\/li>\n<li><span class=\"a-list-item\">Starker Halt, kein Verrutschen \u2013 Der tr\u00e4gerlose BH von Beauty In besteht aus hautfreundlichem Silikonkleber. Im Gegensatz zu minderwertigen Materialien, die leicht verrutschen und die Haut reizen, sitzt der tr\u00e4gerlose BH von Beauty In perfekt und schmerzfrei und bietet Ihnen ein unvergleichliches Tragegef\u00fchl.<\/span><\/li>\n<li><span class=\"a-list-item\">PRAKTISCHER UND STARKER CLIP \u2013 Dank des einzigartigen Frontclips l\u00e4sst sich unser tr\u00e4gerloser BH m\u00fchelos \u00f6ffnen und schlie\u00dfen. Er bietet optimalen Halt und formt Ihre Br\u00fcste f\u00fcr ein volles und verf\u00fchrerisches Dekollet\u00e9 mit tiefem V-Ausschnitt.<\/span><\/li>\n<li><span class=\"a-list-item\">NAHTLOS UND UNSICHTBAR \u2013 Unser tr\u00e4gerloser BH ist besonders weich und transparent. Dank des feinen Kantendesigns und des hautfarbenen Silikon-Klebebands ist er nahtlos und unter Ihrer Kleidung unsichtbar \u2013 f\u00fcr ein angenehmes und nat\u00fcrliches Tragegef\u00fchl. Niemand wird bemerken, dass Sie unseren tr\u00e4gerlosen BH tragen.<\/span><\/li>\n<\/ul>\n<\/div>\n<\/div>\n<\/div>","protected":false},"featured_media":1405,"comment_status":"open","ping_status":"closed","template":"","meta":{"_acf_changed":false,"site-sidebar-layout":"no-sidebar","site-content-layout":"page-builder","ast-site-content-layout":"default","site-content-style":"default","site-sidebar-style":"default","ast-global-header-display":"","ast-banner-title-visibility":"","ast-main-header-display":"","ast-hfb-above-header-display":"","ast-hfb-below-header-display":"","ast-hfb-mobile-header-display":"","site-post-title":"","ast-breadcrumbs-content":"","ast-featured-img":"","footer-sml-layout":"","ast-disable-related-posts":"","theme-transparent-header-meta":"default","adv-header-id-meta":"","stick-header-meta":"default","header-above-stick-meta":"","header-main-stick-meta":"","header-below-stick-meta":"","astra-migrate-meta-layouts":"set","ast-page-background-enabled":"default","ast-page-background-meta":{"desktop":{"background-color":"var(--ast-global-color-4)","background-image":"","background-repeat":"repeat","background-position":"center center","background-size":"auto","background-attachment":"scroll","background-type":"","background-media":"","overlay-type":"","overlay-color":"","overlay-opacity":"","overlay-gradient":""},"tablet":{"background-color":"","background-image":"","background-repeat":"repeat","background-position":"center center","background-size":"auto","background-attachment":"scroll","background-type":"","background-media":"","overlay-type":"","overlay-color":"","overlay-opacity":"","overlay-gradient":""},"mobile":{"background-color":"","background-image":"","background-repeat":"repeat","background-position":"center center","background-size":"auto","background-attachment":"scroll","background-type":"","background-media":"","overlay-type":"","overlay-color":"","overlay-opacity":"","overlay-gradient":""}},"ast-content-background-meta":{"desktop":{"background-color":"var(--ast-global-color-5)","background-image":"","background-repeat":"repeat","background-position":"center center","background-size":"auto","background-attachment":"scroll","background-type":"","background-media":"","overlay-type":"","overlay-color":"","overlay-opacity":"","overlay-gradient":""},"tablet":{"background-color":"var(--ast-global-color-5)","background-image":"","background-repeat":"repeat","background-position":"center center","background-size":"auto","background-attachment":"scroll","background-type":"","background-media":"","overlay-type":"","overlay-color":"","overlay-opacity":"","overlay-gradient":""},"mobile":{"background-color":"var(--ast-global-color-5)","background-image":"","background-repeat":"repeat","background-position":"center center","background-size":"auto","background-attachment":"scroll","background-type":"","background-media":"","overlay-type":"","overlay-color":"","overlay-opacity":"","overlay-gradient":""}}},"product_brand":[],"product_cat":[20,22,23,19,18,24],"product_tag":[],"class_list":{"0":"post-1306","1":"product","2":"type-product","3":"status-publish","4":"has-post-thumbnail","6":"product_cat-adhesive-silicone-bras","7":"product_cat-adhesive-invisible-bras","8":"product_cat-bra-pads","9":"product_cat-nipple-covers","10":"product_cat-women-bras","11":"product_cat-women-panties","12":"pa_colors-nude","13":"pa_size-a","14":"pa_size-b","15":"pa_size-c","16":"pa_size-d","17":"desktop-align-left","18":"tablet-align-left","19":"mobile-align-left","21":"first","22":"instock","23":"sale","24":"taxable","25":"shipping-taxable","26":"purchasable","27":"product-type-variable","28":"wvs-archive-product-wrapper"},"acf":{"how_to_use":"<h3>How do I apply my stick-on bra?<\/h3>\r\n<ul>\r\n \t<li>1. Clean your breasts with soap and water.<\/li>\r\n \t<li>2. Make sure the area is dry and do not use any moisturizers before applying.<\/li>\r\n \t<li>3. Remove the plastic from the back of The Silicone Stick on Bra and place on your breasts. For maximum lift, hold your breast up before placing the cup on, starting with the underneath of your breast first and then pressing the bra onto the top part of your breast<\/li>\r\n \t<li>4. Join the front-clasp on the bra to pull the bra together creating a nice cleavage.<\/li>\r\n<\/ul>\r\n<h3>How do I clean my stick-on bra?<\/h3>\r\n<ul>\r\n \t<li>1. Always wash straight after use.<\/li>\r\n \t<li>2. Gently hand wash with soap and lukewarm water. Do not leave to soak in water.<\/li>\r\n \t<li>3. Leave The Silicone Stick on Bra to air-dry.<\/li>\r\n \t<li>4. When dry the self-adhesive regenerates making the bra perfect to wear again.<\/li>\r\n<\/ul>","Parametric":""},"_links":{"self":[{"href":"https:\/\/braforwomen.com\/de\/wp-json\/wp\/v2\/product\/1306","targetHints":{"allow":["GET"]}}],"collection":[{"href":"https:\/\/braforwomen.com\/de\/wp-json\/wp\/v2\/product"}],"about":[{"href":"https:\/\/braforwomen.com\/de\/wp-json\/wp\/v2\/types\/product"}],"replies":[{"embeddable":true,"href":"https:\/\/braforwomen.com\/de\/wp-json\/wp\/v2\/comments?post=1306"}],"version-history":[{"count":9,"href":"https:\/\/braforwomen.com\/de\/wp-json\/wp\/v2\/product\/1306\/revisions"}],"predecessor-version":[{"id":1635,"href":"https:\/\/braforwomen.com\/de\/wp-json\/wp\/v2\/product\/1306\/revisions\/1635"}],"wp:featuredmedia":[{"embeddable":true,"href":"https:\/\/braforwomen.com\/de\/wp-json\/wp\/v2\/media\/1405"}],"wp:attachment":[{"href":"https:\/\/braforwomen.com\/de\/wp-json\/wp\/v2\/media?parent=1306"}],"wp:term":[{"taxonomy":"product_brand","embeddable":true,"href":"https:\/\/braforwomen.com\/de\/wp-json\/wp\/v2\/product_brand?post=1306"},{"taxonomy":"product_cat","embeddable":true,"href":"https:\/\/braforwomen.com\/de\/wp-json\/wp\/v2\/product_cat?post=1306"},{"taxonomy":"product_tag","embeddable":true,"href":"https:\/\/braforwomen.com\/de\/wp-json\/wp\/v2\/product_tag?post=1306"}],"curies":[{"name":"wp","href":"https:\/\/api.w.org\/{rel}","templated":true}]}}